{"id":3717,"date":"2020-10-12T10:01:20","date_gmt":"2020-10-12T08:01:20","guid":{"rendered":"https:\/\/www.bbz-merzig.de\/wordpress-1\/?page_id=3717"},"modified":"2025-10-15T09:44:24","modified_gmt":"2025-10-15T07:44:24","slug":"elternvertretung","status":"publish","type":"page","link":"https:\/\/www.bbz-merzig.de\/wordpress-1\/schule\/elternvertretung\/","title":{"rendered":"Elternvertretung"},"content":{"rendered":"\t\t<div data-elementor-type=\"wp-page\" data-elementor-id=\"3717\" class=\"elementor elementor-3717\">\n\t\t\t\t\t\t<div class=\"elementor-inner\">\n\t\t\t\t<div class=\"elementor-section-wrap\">\n\t\t\t\t\t\t\t\t\t<section class=\"elementor-section elementor-top-section elementor-element elementor-element-0624be3 elementor-section-boxed elementor-section-height-default elementor-section-height-default\" data-id=\"0624be3\" data-element_type=\"section\">\n\t\t\t\t\t\t<div class=\"elementor-container elementor-column-gap-default\">\n\t\t\t\t\t\t\t<div class=\"elementor-row\">\n\t\t\t\t\t<div class=\"elementor-column elementor-col-100 elementor-top-column elementor-element elementor-element-3ac76ca\" data-id=\"3ac76ca\" data-element_type=\"column\">\n\t\t\t<div class=\"elementor-column-wrap elementor-element-populated\">\n\t\t\t\t\t\t\t<div class=\"elementor-widget-wrap\">\n\t\t\t\t\t\t<div class=\"elementor-element elementor-element-d069c9c elementor-widget elementor-widget-heading\" data-id=\"d069c9c\" data-element_type=\"widget\" data-widget_type=\"heading.default\">\n\t\t\t\t<div class=\"elementor-widget-container\">\n\t\t\t<h2 class=\"elementor-heading-title elementor-size-default\">Schulelternvertretung<\/h2>\t\t<\/div>\n\t\t\t\t<\/div>\n\t\t\t\t\t\t<\/div>\n\t\t\t\t\t<\/div>\n\t\t<\/div>\n\t\t\t\t\t\t\t\t<\/div>\n\t\t\t\t\t<\/div>\n\t\t<\/section>\n\t\t\t\t<section class=\"elementor-section elementor-top-section elementor-element elementor-element-fab5a31 elementor-section-boxed elementor-section-height-default elementor-section-height-default\" data-id=\"fab5a31\" data-element_type=\"section\">\n\t\t\t\t\t\t<div class=\"elementor-container elementor-column-gap-default\">\n\t\t\t\t\t\t\t<div class=\"elementor-row\">\n\t\t\t\t\t<div class=\"elementor-column elementor-col-50 elementor-top-column elementor-element elementor-element-765d461\" data-id=\"765d461\" data-element_type=\"column\">\n\t\t\t<div class=\"elementor-column-wrap elementor-element-populated\">\n\t\t\t\t\t\t\t<div class=\"elementor-widget-wrap\">\n\t\t\t\t\t\t<div class=\"elementor-element elementor-element-bdb16a6 elementor-widget elementor-widget-text-editor\" data-id=\"bdb16a6\" data-element_type=\"widget\" data-widget_type=\"text-editor.default\">\n\t\t\t\t<div class=\"elementor-widget-container\">\n\t\t\t\t\t\t\t\t<div class=\"elementor-text-editor elementor-clearfix\">\n\t\t\t\t<p><strong>Elternsprecherin:<\/strong><\/p><h4>Cornelia Malburg<\/h4>\t\t\t\t\t<\/div>\n\t\t\t\t\t\t<\/div>\n\t\t\t\t<\/div>\n\t\t\t\t\t\t<\/div>\n\t\t\t\t\t<\/div>\n\t\t<\/div>\n\t\t\t\t<div class=\"elementor-column elementor-col-50 elementor-top-column elementor-element elementor-element-9d63da1\" data-id=\"9d63da1\" data-element_type=\"column\">\n\t\t\t<div class=\"elementor-column-wrap elementor-element-populated\">\n\t\t\t\t\t\t\t<div class=\"elementor-widget-wrap\">\n\t\t\t\t\t\t<div class=\"elementor-element elementor-element-afc9102 elementor-widget elementor-widget-text-editor\" data-id=\"afc9102\" data-element_type=\"widget\" data-widget_type=\"text-editor.default\">\n\t\t\t\t<div class=\"elementor-widget-container\">\n\t\t\t\t\t\t\t\t<div class=\"elementor-text-editor elementor-clearfix\">\n\t\t\t\t<p><strong>Stellvertreterin:<\/strong><\/p><h4>Cristina Airinei<\/h4>\t\t\t\t\t<\/div>\n\t\t\t\t\t\t<\/div>\n\t\t\t\t<\/div>\n\t\t\t\t\t\t<\/div>\n\t\t\t\t\t<\/div>\n\t\t<\/div>\n\t\t\t\t\t\t\t\t<\/div>\n\t\t\t\t\t<\/div>\n\t\t<\/section>\n\t\t\t\t<section class=\"elementor-section elementor-top-section elementor-element elementor-element-f05ab4a elementor-section-boxed elementor-section-height-default elementor-section-height-default\" data-id=\"f05ab4a\" data-element_type=\"section\">\n\t\t\t\t\t\t<div class=\"elementor-container elementor-column-gap-default\">\n\t\t\t\t\t\t\t<div class=\"elementor-row\">\n\t\t\t\t\t<div class=\"elementor-column elementor-col-100 elementor-top-column elementor-element elementor-element-ba37350\" data-id=\"ba37350\" data-element_type=\"column\">\n\t\t\t<div class=\"elementor-column-wrap elementor-element-populated\">\n\t\t\t\t\t\t\t<div class=\"elementor-widget-wrap\">\n\t\t\t\t\t\t<div class=\"elementor-element elementor-element-01c0cc9 elementor-widget elementor-widget-text-editor\" data-id=\"01c0cc9\" data-element_type=\"widget\" data-widget_type=\"text-editor.default\">\n\t\t\t\t<div class=\"elementor-widget-container\">\n\t\t\t\t\t\t\t\t<div class=\"elementor-text-editor elementor-clearfix\">\n\t\t\t\t<p>Sehr geehrte Eltern und Sorgeberechtigte,<\/p><p>als Elternvertretung am Berufsbildungszentrum nehmen wir Ihre <strong>Rechte und Interessen<\/strong> gem\u00e4\u00df dem Saarl\u00e4ndischen Schulmitbestimmungsgesetz wahr. Wir sind das offizielle Gremium f\u00fcr die <strong>konstruktive und transparente Zusammenarbeit<\/strong> zwischen Elternhaus, Schulleitung und Lehrkr\u00e4ften. Unsere Aufgabe ist es, die Entwicklung der Schule mitzugestalten, \u00fcber allgemeine schulische Angelegenheiten zu beraten und Ihre Anliegen in die Schulkonferenz einzubringen.<\/p><p>Wir sind uns bewusst, dass ein hoher Anteil unserer Sch\u00fclerinnen und Sch\u00fcler vollj\u00e4hrig ist. Unabh\u00e4ngig vom Alter Ihrer Kinder gilt jedoch: <strong>Elterliche Verantwortung und berechtigtes Interesse <\/strong>an der schulischen Entwicklung bestehen fort. Ihre Erfahrung und Unterst\u00fctzung sind f\u00fcr einen erfolgreichen Bildungsweg weiterhin von gro\u00dfem Wert.<\/p><p>Wir stehen Ihnen als Ansprechpartnerinnen f\u00fcr <strong>grunds\u00e4tzliche und organisatorische Themen<\/strong> der Schule zur Verf\u00fcgung, nicht jedoch f\u00fcr individuelle Leistungsfragen Ihres Kindes. Nutzen Sie f\u00fcr eine seri\u00f6se Kontaktaufnahme bitte unsere zentrale E-Mail-Adresse:<\/p><p class=\"MsoNormal\"><a href=\"mailto:elternvertretung@boch.schule\">elternvertretung(at)boch.schule<\/a><\/p><p class=\"MsoNormal\">Ihre Schulelternvertretung<\/p><p class=\"MsoNormal\">Cornelia Malburg und\u00a0Cristina Airinei<\/p>\t\t\t\t\t<\/div>\n\t\t\t\t\t\t<\/div>\n\t\t\t\t<\/div>\n\t\t\t\t\t\t<\/div>\n\t\t\t\t\t<\/div>\n\t\t<\/div>\n\t\t\t\t\t\t\t\t<\/div>\n\t\t\t\t\t<\/div>\n\t\t<\/section>\n\t\t\t\t\t\t\t\t\t<\/div>\n\t\t\t<\/div>\n\t\t\t\t\t<\/div>\n\t\t","protected":false},"excerpt":{"rendered":"<p>Schulelternvertretung Elternsprecherin: Cornelia Malburg Stellvertreterin: Cristina Airinei Sehr geehrte Eltern und Sorgeberechtigte, als Elternvertretung am Berufsbildungszentrum nehmen wir Ihre Rechte und Interessen gem\u00e4\u00df dem Saarl\u00e4ndischen Schulmitbestimmungsgesetz wahr. Wir sind das offizielle Gremium f\u00fcr die konstruktive und transparente Zusammenarbeit zwischen Elternhaus, Schulleitung und Lehrkr\u00e4ften. Unsere Aufgabe ist es, die Entwicklung der Schule mitzugestalten, \u00fcber allgemeine schulische&hellip;&nbsp;<a href=\"https:\/\/www.bbz-merzig.de\/wordpress-1\/schule\/elternvertretung\/\" class=\"\" rel=\"bookmark\">Weiterlesen &raquo;<span class=\"screen-reader-text\">Elternvertretung<\/span><\/a><\/p>\n","protected":false},"author":1,"featured_media":0,"parent":2412,"menu_order":8,"comment_status":"closed","ping_status":"closed","template":"","meta":{"neve_meta_sidebar":"left","neve_meta_container":"","neve_meta_enable_content_width":"off","neve_meta_content_width":100,"neve_meta_title_alignment":"","neve_meta_author_avatar":"","neve_post_elements_order":"","neve_meta_disable_header":"off","neve_meta_disable_footer":"off","neve_meta_disable_title":"on"},"_links":{"self":[{"href":"https:\/\/www.bbz-merzig.de\/wordpress-1\/wp-json\/wp\/v2\/pages\/3717"}],"collection":[{"href":"https:\/\/www.bbz-merzig.de\/wordpress-1\/wp-json\/wp\/v2\/pages"}],"about":[{"href":"https:\/\/www.bbz-merzig.de\/wordpress-1\/wp-json\/wp\/v2\/types\/page"}],"author":[{"embeddable":true,"href":"https:\/\/www.bbz-merzig.de\/wordpress-1\/wp-json\/wp\/v2\/users\/1"}],"replies":[{"embeddable":true,"href":"https:\/\/www.bbz-merzig.de\/wordpress-1\/wp-json\/wp\/v2\/comments?post=3717"}],"version-history":[{"count":84,"href":"https:\/\/www.bbz-merzig.de\/wordpress-1\/wp-json\/wp\/v2\/pages\/3717\/revisions"}],"predecessor-version":[{"id":13689,"href":"https:\/\/www.bbz-merzig.de\/wordpress-1\/wp-json\/wp\/v2\/pages\/3717\/revisions\/13689"}],"up":[{"embeddable":true,"href":"https:\/\/www.bbz-merzig.de\/wordpress-1\/wp-json\/wp\/v2\/pages\/2412"}],"wp:attachment":[{"href":"https:\/\/www.bbz-merzig.de\/wordpress-1\/wp-json\/wp\/v2\/media?parent=3717"}],"curies":[{"name":"wp","href":"https:\/\/api.w.org\/{rel}","templated":true}]}}