{"id":3731,"date":"2020-10-12T10:35:11","date_gmt":"2020-10-12T08:35:11","guid":{"rendered":"https:\/\/www.bbz-merzig.de\/wordpress-1\/?page_id=3731"},"modified":"2025-04-08T12:10:04","modified_gmt":"2025-04-08T10:10:04","slug":"schulfoerderverein-2","status":"publish","type":"page","link":"https:\/\/www.bbz-merzig.de\/wordpress-1\/schule\/schulfoerderverein-2\/","title":{"rendered":"Schulf\u00f6rderverein"},"content":{"rendered":"\t\t<div data-elementor-type=\"wp-page\" data-elementor-id=\"3731\" class=\"elementor elementor-3731\">\n\t\t\t\t\t\t<div class=\"elementor-inner\">\n\t\t\t\t<div class=\"elementor-section-wrap\">\n\t\t\t\t\t\t\t\t\t<section class=\"elementor-section elementor-top-section elementor-element elementor-element-89f7440 elementor-section-boxed elementor-section-height-default elementor-section-height-default\" data-id=\"89f7440\" data-element_type=\"section\">\n\t\t\t\t\t\t<div class=\"elementor-container elementor-column-gap-default\">\n\t\t\t\t\t\t\t<div class=\"elementor-row\">\n\t\t\t\t\t<div class=\"elementor-column elementor-col-100 elementor-top-column elementor-element elementor-element-b5a980d\" data-id=\"b5a980d\" data-element_type=\"column\">\n\t\t\t<div class=\"elementor-column-wrap elementor-element-populated\">\n\t\t\t\t\t\t\t<div class=\"elementor-widget-wrap\">\n\t\t\t\t\t\t<div class=\"elementor-element elementor-element-328666c elementor-widget elementor-widget-heading\" data-id=\"328666c\" data-element_type=\"widget\" data-widget_type=\"heading.default\">\n\t\t\t\t<div class=\"elementor-widget-container\">\n\t\t\t<h2 class=\"elementor-heading-title elementor-size-default\">F\u00f6rderverein der Jean-Fran\u00e7ois-Boch-Schule Merzig<\/h2>\t\t<\/div>\n\t\t\t\t<\/div>\n\t\t\t\t\t\t<\/div>\n\t\t\t\t\t<\/div>\n\t\t<\/div>\n\t\t\t\t\t\t\t\t<\/div>\n\t\t\t\t\t<\/div>\n\t\t<\/section>\n\t\t\t\t<section class=\"elementor-section elementor-top-section elementor-element elementor-element-1d617f1 elementor-section-boxed elementor-section-height-default elementor-section-height-default\" data-id=\"1d617f1\" data-element_type=\"section\">\n\t\t\t\t\t\t<div class=\"elementor-container elementor-column-gap-default\">\n\t\t\t\t\t\t\t<div class=\"elementor-row\">\n\t\t\t\t\t<div class=\"elementor-column elementor-col-100 elementor-top-column elementor-element elementor-element-dce7e75\" data-id=\"dce7e75\" data-element_type=\"column\">\n\t\t\t<div class=\"elementor-column-wrap elementor-element-populated\">\n\t\t\t\t\t\t\t<div class=\"elementor-widget-wrap\">\n\t\t\t\t\t\t<div class=\"elementor-element elementor-element-c859ba1 elementor-widget elementor-widget-text-editor\" data-id=\"c859ba1\" data-element_type=\"widget\" data-widget_type=\"text-editor.default\">\n\t\t\t\t<div class=\"elementor-widget-container\">\n\t\t\t\t\t\t\t\t<div class=\"elementor-text-editor elementor-clearfix\">\n\t\t\t\t<h4><i>Ziele des F\u00f6rdervereins:<\/i><\/h4><p>Der Schulf\u00f6rderverein des Berufsbildungszentrums Merzig will unter anderem<\/p><ul><li>Sch\u00fcler*innen wirtschaftliche Hilfe zum Ausgleich sozialer H\u00e4rten bei Schulfahrten und sonstigen Schulveranstaltungen gew\u00e4hren,<\/li><li>mithelfen, die Schulen der Jean-Fran\u00e7ois-Boch-Schule optimal auszustatten,<\/li><li>das Schule bei Schulfesten und kulturellen Veranstaltungen unterst\u00fctzen,<\/li><li>die Zusammenarbeit mit der Wirtschaft, anderen Schulen, der Jugendpflege und der Agentur f\u00fcr Arbeit f\u00f6rdern,<\/li><li>die internationale Arbeit der Schule und ihrer Sch\u00fcler f\u00f6rdern,<\/li><li>bei Bedarf Hilfskr\u00e4fte zur Sch\u00fcler*innenbetreuung oder Sch\u00fclerf\u00f6rderung finanzieren.<\/li><\/ul><div>\u00a0<\/div><div><p>Der Schulf\u00f6rderverein verfolgt ausschlie\u00dflich gemeinn\u00fctzige Ziele. Erreicht werden diese Ziele durch die Unterst\u00fctzung von Sch\u00fclern, Eltern, Lehrern und Betrieben, die den Verein sowohl finanziell durch einen Jahresbeitrag oder Spenden als auch organisatorisch durch ehrenamtliche T\u00e4tigkeiten unterst\u00fctzen.<\/p><\/div><p>Werden auch Sie Mitglied im F\u00f6rderverein! Ab einem Jahresbeitrag von\u00a0<strong>12,00 \u20ac\/Jahr<\/strong>\u00a0f\u00f6rdern Sie unsere Ziele mit. Spenden sind auch herzlich willkommen.<\/p><p>Hier gelangen Sie zum Beitrittsformular:<a href=\"https:\/\/www.bbz-merzig.de\/broschueren\/beifoer.pdf\" target=\"_blank\" rel=\"noopener\"> Download des Beitrittsformulars<\/a><\/p><p>Hier gelangen Sie zum Antragsformular: <a href=\"https:\/\/www.bbz-merzig.de\/broschueren\/antrag-foerderverein.docx\" target=\"_blank\" rel=\"noopener\">Download des Antragsformulars<\/a><\/p><p><strong>Anschrift:<\/strong><\/p><p>Schulf\u00f6rderverein der Jean-Fran\u00e7ois-Boch-Schule Merzig e. V.<\/p><p>Waldstra\u00dfe 51<\/p><p>66663 Merzig<\/p><p><strong>Bankverbindung:<\/strong><\/p><p>Sparkasse Merzig Wadern<\/p><p>IBAN:\u00a0 DE16 5935 1040 0000 0807 54<\/p><p>BIC:\u00a0\u00a0\u00a0 MERZ DE 55<\/p><div>Mitgliedsbeitr\u00e4ge und Spenden sind beim Finanzamt steuerlich absetzbar. Es gen\u00fcgt, bei geringen Betr\u00e4gen den entsprechenden \u00dcberweisungstr\u00e4ger der Steuererkl\u00e4rung beizuf\u00fcgen.<\/div><div>\u00a0<\/div><h4>Der Vorstand 2024\/26:<\/h4><p><strong>Vorsitzender:<br \/><\/strong>Sven Fontaine<\/p><p><strong>stellvertr. Vorsitzende:<br \/><\/strong>Christina Maurer<\/p><p><strong>Kassiererin:<br \/><\/strong>Barbara Simmet<\/p><p><strong>Schriftf\u00fchrerin:<br \/><\/strong>Daniela Selzer<\/p><p><strong>Beisitzer*innen:<br \/><\/strong>Christine Jager, Andreas Nikolaus Heinrich<\/p><p><strong>Beauftragte der Sch\u00fclerschaft:\u00a0<br \/><\/strong>Lena Geier<\/p>\t\t\t\t\t<\/div>\n\t\t\t\t\t\t<\/div>\n\t\t\t\t<\/div>\n\t\t\t\t\t\t<\/div>\n\t\t\t\t\t<\/div>\n\t\t<\/div>\n\t\t\t\t\t\t\t\t<\/div>\n\t\t\t\t\t<\/div>\n\t\t<\/section>\n\t\t\t\t<section class=\"elementor-section elementor-top-section elementor-element elementor-element-e9cffd3 elementor-section-boxed elementor-section-height-default elementor-section-height-default\" data-id=\"e9cffd3\" data-element_type=\"section\">\n\t\t\t\t\t\t<div class=\"elementor-container elementor-column-gap-default\">\n\t\t\t\t\t\t\t<div class=\"elementor-row\">\n\t\t\t\t\t<div class=\"elementor-column elementor-col-100 elementor-top-column elementor-element elementor-element-2bda265\" data-id=\"2bda265\" data-element_type=\"column\">\n\t\t\t<div class=\"elementor-column-wrap elementor-element-populated\">\n\t\t\t\t\t\t\t<div class=\"elementor-widget-wrap\">\n\t\t\t\t\t\t<div class=\"elementor-element elementor-element-bab9d6c elementor-widget-divider--view-line elementor-widget elementor-widget-divider\" data-id=\"bab9d6c\" data-element_type=\"widget\" data-widget_type=\"divider.default\">\n\t\t\t\t<div class=\"elementor-widget-container\">\n\t\t\t\t\t<div class=\"elementor-divider\">\n\t\t\t<span class=\"elementor-divider-separator\">\n\t\t\t\t\t\t<\/span>\n\t\t<\/div>\n\t\t\t\t<\/div>\n\t\t\t\t<\/div>\n\t\t\t\t\t\t<\/div>\n\t\t\t\t\t<\/div>\n\t\t<\/div>\n\t\t\t\t\t\t\t\t<\/div>\n\t\t\t\t\t<\/div>\n\t\t<\/section>\n\t\t\t\t<section class=\"elementor-section elementor-top-section elementor-element elementor-element-0997874 elementor-section-boxed elementor-section-height-default elementor-section-height-default\" data-id=\"0997874\" data-element_type=\"section\">\n\t\t\t\t\t\t<div class=\"elementor-container elementor-column-gap-default\">\n\t\t\t\t\t\t\t<div class=\"elementor-row\">\n\t\t\t\t\t<div class=\"elementor-column elementor-col-100 elementor-top-column elementor-element elementor-element-340d18d\" data-id=\"340d18d\" data-element_type=\"column\">\n\t\t\t<div class=\"elementor-column-wrap elementor-element-populated\">\n\t\t\t\t\t\t\t<div class=\"elementor-widget-wrap\">\n\t\t\t\t\t\t<div class=\"elementor-element elementor-element-4419ffa elementor-widget elementor-widget-heading\" data-id=\"4419ffa\" data-element_type=\"widget\" data-widget_type=\"heading.default\">\n\t\t\t\t<div class=\"elementor-widget-container\">\n\t\t\t<h4 class=\"elementor-heading-title elementor-size-default\">Satzung des Schulf\u00f6rdervereins:<\/h4>\t\t<\/div>\n\t\t\t\t<\/div>\n\t\t\t\t<div class=\"elementor-element elementor-element-0e2368d elementor-widget elementor-widget-spacer\" data-id=\"0e2368d\" data-element_type=\"widget\" data-widget_type=\"spacer.default\">\n\t\t\t\t<div class=\"elementor-widget-container\">\n\t\t\t\t\t<div class=\"elementor-spacer\">\n\t\t\t<div class=\"elementor-spacer-inner\"><\/div>\n\t\t<\/div>\n\t\t\t\t<\/div>\n\t\t\t\t<\/div>\n\t\t\t\t<div class=\"elementor-element elementor-element-2c30f12 elementor-widget elementor-widget-text-editor\" data-id=\"2c30f12\" data-element_type=\"widget\" data-widget_type=\"text-editor.default\">\n\t\t\t\t<div class=\"elementor-widget-container\">\n\t\t\t\t\t\t\t\t<div class=\"elementor-text-editor elementor-clearfix\">\n\t\t\t\t<p><strong>\u00a71 Name, Sitz, Gesch\u00e4ftsjahr<\/strong><\/p><ol><li>Der Verein f\u00fchrt den Namen \u201eSchulf\u00f6rderverein des Berufsbildungszentrums Merzig\u201d. Nach Eintragung in das Vereinsregister erh\u00e4lt er den Zusatz \u201eeingetragener Verein (e.V.)\u201d.<\/li><li>Der Verein hat seinen Sitz in Merzig und soll in das Vereinsregister des Amtsgerichtes Merzig eingetragen werden.<\/li><li>Gesch\u00e4ftsjahr ist das Kalenderjahr.<\/li><\/ol><p>\u00a0<\/p><p><strong>\u00a72 Zweck des Vereins<\/strong><\/p><ol><li>Der Verein verfolgt ausschlie\u00dflich und unmittelbar gemeinn\u00fctzige Ziele und hat den Zweck, das Berufsbildungszentrum Merzig in seinen Bildungs- und Erziehungsaufgaben zu unterst\u00fctzen.<\/li><\/ol><p>Diesem Zweck soll in erster Linie dienen:<\/p><ul><li>die Unterst\u00fctzung bei der Anschaffung von Lehr- und Lernmitteln, der multimedialen Ausstattung und der Bibliotheksausstattung, soweit sie vom Tr\u00e4ger der Schule nicht angeschafft werden k\u00f6nnen,<\/li><li>die Finanzierung ggf. Einstellung von Hilfskr\u00e4ften, die in Abstimmung mit der Schulleitung die p\u00e4dagogischen und fachlichen Anliegen der Schule unterst\u00fctzen, wie z. B. Sch\u00fclerbetreuungspersonal, Fachkr\u00e4fte f\u00fcr Arbeitsgemeinschaften, Erg\u00e4nzungsunterricht f\u00fcr Begabte, f\u00fcr Benachteiligte, f\u00fcr Sch\u00fclerinnen und Sch\u00fcler aus dem Ausland,<\/li><li>die Unterst\u00fctzung von kulturellen und anderen au\u00dferfachlichen Veranstaltungen der Schule, wie z. B. Schulfesten, Sportfesten, Theater- und Musikauff\u00fchrungen, Tagen der offenen T\u00fcr, Schul-, Klassenfahrten, Beteiligung an kommunalen Festen und Veranstaltungen,<\/li><li>die Unterst\u00fctzung von bed\u00fcrftigen Sch\u00fclerinnen und Sch\u00fclern,<\/li><li>die F\u00f6rderung der Zusammenarbeit mit anderen Schulen, mit Hochschulen und Universit\u00e4ten, mit der Wirtschaft, mit Kirchen, mit kulturellen Einrichtungen, mit Einrichtungen der Jugendpflege, der Arbeitsvermittlung, mit medizinischen und psychologischen Diensten,<\/li><li>die Veranstaltung von Vortragsreihen und praxisbezogenen Fachtagungen, die den Sch\u00fclern, Lehrern und anderem Personal der Schule dienlich sind sowie die Ver\u00f6ffentlichung ihrer Ergebnisse,<\/li><li>die F\u00f6rderung der internationalen Zusammenarbeit der Schule, ihrer Sch\u00fclerinnen und Sch\u00fcler sowie von Ma\u00dfnahmen der V\u00f6lkerverst\u00e4ndigung, insbesondere in Europa,<\/li><li>die F\u00f6rderung der \u00d6ffentlichkeitsarbeit der Schule,<\/li><li>die Einwerbung von Drittmitteln und die Tr\u00e4gerschaft von Schulprojekten.<\/li><\/ul><p>Die gesetzten Zwecke k\u00f6nnen auch in Zusammenarbeit mit Organisationen und Institutionen gleicher oder \u00e4hnlicher Zielsetzung angestrebt werden.<\/p><ol start=\"2\"><li>Der Verein verfolgt ausschlie\u00dflich und unmittelbar gemeinn\u00fctzige Zwecke im Sinne des Abschnitts \u201eSteuerbeg\u00fcnstigte Zwecke\u201d der Abgabenordnung (\u00a7\u00a7 51 \u2013 68 AO). Die T\u00e4tigkeit des Vereins ist selbstlos. Er verfolgt nicht in erster Linie eigenwirtschaftliche Zwecke.<\/li><li>Der Zweck des Vereins ist nicht auf Gewinnerzielung gerichtet. Mittel d\u00fcrfen nur zu satzungsgem\u00e4\u00dfen Zwecken verwendet werden. Die Mitglieder erhalten keine Zuwendungen aus Mitteln des Vereins. Es darf keine Person durch Ausgaben, die dem Zweck des Vereins fremd sind oder durch unverh\u00e4ltnism\u00e4\u00dfig hohe Verg\u00fctungen beg\u00fcnstigt werden.<\/li><\/ol><p>\u00a0<\/p><p><strong>\u00a73 Mitgliedschaft<\/strong><\/p><ol><li>Ordentliches Mitglied des Vereins kann jede nat\u00fcrliche oder juristische Person werden, die sich dem Berufsbildungszentrum Merzig verbunden f\u00fchlt und bereit ist, die in \u00a7 2 niedergelegten Ziele zu unterst\u00fctzen.<\/li><li>Zu Ehrenmitgliedern k\u00f6nnen Pers\u00f6nlichkeiten ernannt werden, die sich in besonderer Weise um die Ziele des Vereins verdient gemacht haben. Die Ernennung erfolgt durch Beschluss der Mitgliederversammlung.<\/li><li>\u00dcber die Aufnahme als Mitglied entscheidet nach schriftlichem Antrag der Vorstand. Die Aufnahme kann ohne Angabe von Gr\u00fcnden abgelehnt werden. Gegen die ablehnende Entscheidung kann innerhalb eines Monats nach Zustellung die Entscheidung der n\u00e4chsten Mitgliederversammlung beantragt werden.<\/li><\/ol><p>\u00a0<\/p><p><strong>\u00a74 Beendigung der Mitgliedschaft<\/strong><\/p><ol><li>Die Mitgliedschaft endet durch:<\/li><\/ol><ul><li>Tod<\/li><li>Austritt<\/li><li>Ausschluss<\/li><li>Erl\u00f6schen der Rechtsf\u00e4higkeit bei juristischen Personen<\/li><\/ul><ol start=\"2\"><li>Die Austrittserkl\u00e4rung muss schriftlich erfolgen und dem Vorstand drei Monate vor Ablauf des Kalenderjahres zugehen. Die versp\u00e4tete K\u00fcndigung wird erst zum Ablauf des n\u00e4chsten Kalenderjahres wirksam.<\/li><li>Der Ausschluss erfolgt:<\/li><\/ol><ul><li>falls das Mitglied seinen finanziellen Verpflichtungen zwei Jahre nach F\u00e4lligkeit trotz schriftlicher Mahnung nicht nachgekommen ist,<\/li><li>falls das Mitglied gegen die Interessen des Vereins handelt oder das Ansehen des Vereins sch\u00e4digt,<\/li><li>aus wichtigem Grund.<\/li><\/ul><p>\u00dcber den Ausschluss entscheidet der Vorstand. Das Mitglied wird \u00fcber den Ausschluss unter Angabe der Gr\u00fcnde schriftlich unterrichtet. Gegen diesen Beschluss kann einen Monat nach Zustellung die Entscheidung der n\u00e4chsten Mitgliederversammlung beantragt werden.<\/p><p>\u00a0<\/p><p><strong>\u00a75 Beitr\u00e4ge und Spenden<\/strong><\/p><ol><li>Der Mitgliedsbeitrag ist jeweils zu Beginn eines Kalenderjahres im Voraus zu entrichten. Der Mindestjahresbeitrag betr\u00e4gt 12 \u20ac.<\/li><li>\u00dcber die Anpassung des Mindestjahresbeitrages beschlie\u00dft die Mitgliederversammlung auf Vorschlag des Vorstandes.<\/li><li>Die Mittel zur Erreichung des Vereinszwecks sollen ferner durch Spenden und die Einwerbung von Drittmitteln aufgebracht werden.<\/li><\/ol><p>\u00a0<\/p><p><strong>\u00a76 Organe des Vereins<\/strong><\/p><p>Organe des Vereins sind:<\/p><ul><li>die Mitgliederversammlung,<\/li><li>der Vorstand.<\/li><\/ul><p>\u00a0<\/p><p><strong>\u00a77 Mitgliederversammlung<\/strong><\/p><ol><li>Die ordentliche Mitgliederversammlung ist innerhalb von sechs Monaten nach Ablauf eines Gesch\u00e4ftsjahres durch den Vorstand einzuberufen. Die Einladung hat schriftlich unter Angabe der Tagesordnung und unter Einhaltung einer Frist von zwei Wochen zwischen Absendetermin und Versammlungstermin zu erfolgen.<\/li><li>Au\u00dferordentliche Mitgliederversammlungen sind auf Antrag des Vorstandes oder auf schriftliches Verlangen von mindestens einem Viertel der Mitglieder unter Angabe des Grundes vom Vorstand einzuberufen. Eine durch Mitglieder beantragte au\u00dferordentliche Mitgliederversammlung ist innerhalb von vier Wochen nach Zugang des Ersuchens an den Vorstand einzuberufen. Im \u00dcbrigen gelten f\u00fcr die au\u00dferordentliche Mitgliederversammlung die Bestimmungen der ordentlichen Mitgliederversammlung entsprechend.<\/li><li>Der ordentlichen Mitgliederversammlung sind insbesondere folgende Aufgaben vorbehalten:<\/li><\/ol><ul><li>Genehmigung des Berichts \u00fcber das abgelaufene Gesch\u00e4ftsjahr,<\/li><li>Genehmigung der Jahresrechnung,<\/li><li>Entlastung des Vorstandes,<\/li><li>Wahlen zum Vorstand,<\/li><li>Wahl von zwei Kassenpr\u00fcfern,<\/li><li>Satzungs\u00e4nderungen und Aufl\u00f6sung des Vereins.<\/li><\/ul><p>Im \u00dcbrigen beschlie\u00dft die Mitgliederversammlung \u00fcber sonstige Punkte der Tagesordnung.<\/p><ol start=\"4\"><li>Die Mitgliederversammlung wird vom Vorsitzenden, seinem Stellvertreter oder in deren Abwesenheit von einem weiteren Vorstandsmitglied geleitet. \u00dcber die Beschl\u00fcsse der Mitgliederversammlung ist ein Protokoll anzufertigen, das vom Versammlungsleiter und einem weiteren Mitglied zu unterzeichnen ist.<\/li><li>Die Mitgliederversammlung beschlie\u00dft \u2013 soweit nicht gesetzlich eine andere Mehrheit zwingend vorgeschrieben ist \u2013 mit Mehrheit der abgegebenen Stimmen. Die Mitgliederversammlung ist beschlussf\u00e4hig, wenn sie ordnungsgem\u00e4\u00df einberufen wurde. Bei Beschlussunf\u00e4higkeit ist eine neue Mitgliederversammlung einzuberufen, die dann in jedem Fall beschlussf\u00e4hig ist. In der Einladung ist darauf besonders hinzuweisen.<\/li><li>Jedes Mitglied hat eine Stimme. Es kann sich in der Aus\u00fcbung des Stimmrechts durch ein anderes durch Vollmacht ausgewiesenes Mitglied vertreten lassen. Im Fall der Stimmengleichheit ist die Stimme des Vorsitzenden doppelt zu z\u00e4hlen.<\/li><\/ol><p>\u00a0<\/p><p><strong>\u00a78 Vorstand<\/strong><\/p><ol><li>Der Vorstand besteht aus dem Vorsitzenden, dem stellvertretenden Vorsitzenden, dem Schriftf\u00fchrer, dem Schatzmeister und den Beisitzern.<\/li><li>Der Vorstand wird von der Mitgliederversammlung f\u00fcr eine Amtszeit von zwei Jahren gew\u00e4hlt; Wiederwahl ist m\u00f6glich. Der Vorstand bleibt bis zur Konstituierung des neuen Vorstandes im Amt.<\/li><li>Gesetzlicher Vertreter des Vereins im Sinne des \u00a7 26 BGB ist der Vorsitzende jeweils gemeinsam mit dem stellvertretenden Vorsitzenden.<\/li><li>Der Vorstand ist bei Anwesenheit von mindestens vier Mitgliedern, darunter der Vorsitzende oder der stellvertretende Vorsitzende, beschlussf\u00e4hig. Zur Beschlussfassung gen\u00fcgt einfache Mehrheit, bei Stimmengleichheit entscheidet die Stimme des 1. Vorsitzenden. Abstimmungen k\u00f6nnen auch durch schriftlichen Umlauf herbeigef\u00fchrt werden.<\/li><li>Au\u00dfer den dem Vorstand in dieser Satzung oder von der Mitgliederversammlung \u00fcbertragenen Aufgaben f\u00fchrt der Vorstand die laufenden Gesch\u00e4fte des Vereins. Er kann den Vorsitzenden oder die Vorstandsmitglieder widerruflich zur F\u00fchrung einzelner Gesch\u00e4fte bevollm\u00e4chtigen und auch besondere Zust\u00e4ndigkeiten auf einzelne Mitglieder \u00fcbertragen.<\/li><li>Ein Vorstandsmitglied kann nur aus wichtigem Grund abberufen werden. Wichtige Gr\u00fcnde sind insbesondere grobe Pflichtverletzung sowie Unf\u00e4higkeit zur ordnungsgem\u00e4\u00dfen Gesch\u00e4ftsf\u00fchrung.<\/li><\/ol><p>\u00a0<\/p><p><strong>\u00a79 Rechnungspr\u00fcfung<\/strong><\/p><p>Die Kassenpr\u00fcfer des Vereins haben nach Ablauf eines Gesch\u00e4ftsjahres die vom Vorstand vorzulegende Jahresrechnung und Verm\u00f6gensverwaltung rechnerisch und buchm\u00e4\u00dfig zu pr\u00fcfen und der Mitgliederversammlung Bericht zu erstatten. Ihre Amtszeit betr\u00e4gt ein Jahr; Wiederwahl ist m\u00f6glich.<\/p><p>\u00a0<\/p><p><strong>\u00a7<\/strong><strong>10 Satzungs\u00e4nderung<\/strong><\/p><ol><li>Satzungs\u00e4nderungen formeller Art, die durch beh\u00f6rdliche Auflagen oder \u00e4hnliches erforderlich werden, kann der Vorstand in eigener Zust\u00e4ndigkeit beschlie\u00dfen und durchf\u00fchren.<\/li><li>Eine Satzungs\u00e4nderung, die den Gemeinn\u00fctzigkeitszweck aufheben soll, ist unzul\u00e4ssig.<\/li><li>Sonstige \u00c4nderungen der Satzung sowie die Aufl\u00f6sung bed\u00fcrfen eines mit Dreiviertelmehrheit gefassten Beschlusses der Mitgliederversammlung.<\/li><\/ol><p>\u00a0<\/p><p><strong>\u00a711 Aufl\u00f6sung<\/strong><\/p><p>Im Falle der Aufl\u00f6sung des Vereins hat die Mitgliederversammlung einen Liquidator zu bestellen.<\/p><p>Bei Aufl\u00f6sung des Vereins oder bei Wegfall seines bisherigen Vereinszwecks f\u00e4llt das Verm\u00f6gen des Vereins an den Schultr\u00e4ger, den Landkreis Merzig-Wadern, der es ausschlie\u00dflich f\u00fcr Zwecke des Berufsbildungszentrums Merzig zu verwenden hat.<\/p><p>\u00a0<\/p><p><strong>\u00a712 Inkrafttreten<\/strong><\/p><p>Diese Satzung tritt mit dem Tag ihrer Annahme durch die Mitgliederversammlung in Kraft.<\/p>\t\t\t\t\t<\/div>\n\t\t\t\t\t\t<\/div>\n\t\t\t\t<\/div>\n\t\t\t\t\t\t<\/div>\n\t\t\t\t\t<\/div>\n\t\t<\/div>\n\t\t\t\t\t\t\t\t<\/div>\n\t\t\t\t\t<\/div>\n\t\t<\/section>\n\t\t\t\t\t\t\t\t\t<\/div>\n\t\t\t<\/div>\n\t\t\t\t\t<\/div>\n\t\t","protected":false},"excerpt":{"rendered":"<p>F\u00f6rderverein der Jean-Fran\u00e7ois-Boch-Schule Merzig Ziele des F\u00f6rdervereins: Der Schulf\u00f6rderverein des Berufsbildungszentrums Merzig will unter anderem Sch\u00fcler*innen wirtschaftliche Hilfe zum Ausgleich sozialer H\u00e4rten bei Schulfahrten und sonstigen Schulveranstaltungen gew\u00e4hren, mithelfen, die Schulen der Jean-Fran\u00e7ois-Boch-Schule optimal auszustatten, das Schule bei Schulfesten und kulturellen Veranstaltungen unterst\u00fctzen, die Zusammenarbeit mit der Wirtschaft, anderen Schulen, der Jugendpflege und der Agentur&hellip;&nbsp;<a href=\"https:\/\/www.bbz-merzig.de\/wordpress-1\/schule\/schulfoerderverein-2\/\" class=\"\" rel=\"bookmark\">Weiterlesen &raquo;<span class=\"screen-reader-text\">Schulf\u00f6rderverein<\/span><\/a><\/p>\n","protected":false},"author":1,"featured_media":0,"parent":2412,"menu_order":3,"comment_status":"closed","ping_status":"closed","template":"","meta":{"neve_meta_sidebar":"left","neve_meta_container":"","neve_meta_enable_content_width":"off","neve_meta_content_width":100,"neve_meta_title_alignment":"","neve_meta_author_avatar":"","neve_post_elements_order":"","neve_meta_disable_header":"","neve_meta_disable_footer":"","neve_meta_disable_title":"on"},"_links":{"self":[{"href":"https:\/\/www.bbz-merzig.de\/wordpress-1\/wp-json\/wp\/v2\/pages\/3731"}],"collection":[{"href":"https:\/\/www.bbz-merzig.de\/wordpress-1\/wp-json\/wp\/v2\/pages"}],"about":[{"href":"https:\/\/www.bbz-merzig.de\/wordpress-1\/wp-json\/wp\/v2\/types\/page"}],"author":[{"embeddable":true,"href":"https:\/\/www.bbz-merzig.de\/wordpress-1\/wp-json\/wp\/v2\/users\/1"}],"replies":[{"embeddable":true,"href":"https:\/\/www.bbz-merzig.de\/wordpress-1\/wp-json\/wp\/v2\/comments?post=3731"}],"version-history":[{"count":45,"href":"https:\/\/www.bbz-merzig.de\/wordpress-1\/wp-json\/wp\/v2\/pages\/3731\/revisions"}],"predecessor-version":[{"id":13154,"href":"https:\/\/www.bbz-merzig.de\/wordpress-1\/wp-json\/wp\/v2\/pages\/3731\/revisions\/13154"}],"up":[{"embeddable":true,"href":"https:\/\/www.bbz-merzig.de\/wordpress-1\/wp-json\/wp\/v2\/pages\/2412"}],"wp:attachment":[{"href":"https:\/\/www.bbz-merzig.de\/wordpress-1\/wp-json\/wp\/v2\/media?parent=3731"}],"curies":[{"name":"wp","href":"https:\/\/api.w.org\/{rel}","templated":true}]}}