{"id":5094,"date":"2022-07-19T12:20:26","date_gmt":"2022-07-19T10:20:26","guid":{"rendered":"https:\/\/www.bbz-merzig.de\/wordpress-1\/?page_id=5094"},"modified":"2026-03-05T19:25:28","modified_gmt":"2026-03-05T18:25:28","slug":"startseite","status":"publish","type":"page","link":"https:\/\/www.bbz-merzig.de\/wordpress-1\/","title":{"rendered":"Startseite"},"content":{"rendered":"\t\t<div data-elementor-type=\"wp-page\" data-elementor-id=\"5094\" class=\"elementor elementor-5094\">\n\t\t\t\t\t\t<div class=\"elementor-inner\">\n\t\t\t\t<div class=\"elementor-section-wrap\">\n\t\t\t\t\t\t\t\t\t<section class=\"elementor-section elementor-top-section elementor-element elementor-element-fe94a94 elementor-section-boxed elementor-section-height-default elementor-section-height-default\" data-id=\"fe94a94\" data-element_type=\"section\">\n\t\t\t\t\t\t<div class=\"elementor-container elementor-column-gap-default\">\n\t\t\t\t\t\t\t<div class=\"elementor-row\">\n\t\t\t\t\t<div class=\"elementor-column elementor-col-100 elementor-top-column elementor-element elementor-element-aa5c309\" data-id=\"aa5c309\" data-element_type=\"column\" data-settings=\"{&quot;background_background&quot;:&quot;classic&quot;}\">\n\t\t\t<div class=\"elementor-column-wrap elementor-element-populated\">\n\t\t\t\t\t\t\t<div class=\"elementor-widget-wrap\">\n\t\t\t\t\t\t<div class=\"elementor-element elementor-element-7feca8d elementor-widget elementor-widget-heading\" data-id=\"7feca8d\" data-element_type=\"widget\" data-widget_type=\"heading.default\">\n\t\t\t\t<div class=\"elementor-widget-container\">\n\t\t\t<h2 class=\"elementor-heading-title elementor-size-default\">Mitteilungen:<\/h2>\t\t<\/div>\n\t\t\t\t<\/div>\n\t\t\t\t<div class=\"elementor-element elementor-element-ca37e13 elementor-widget elementor-widget-text-editor\" data-id=\"ca37e13\" data-element_type=\"widget\" data-widget_type=\"text-editor.default\">\n\t\t\t\t<div class=\"elementor-widget-container\">\n\t\t\t\t\t\t\t\t<div class=\"elementor-text-editor elementor-clearfix\">\n\t\t\t\t\t\t\t\t\t<\/div>\n\t\t\t\t\t\t<\/div>\n\t\t\t\t<\/div>\n\t\t\t\t<div class=\"elementor-element elementor-element-c199330 elementor-widget-divider--view-line elementor-widget elementor-widget-divider\" data-id=\"c199330\" data-element_type=\"widget\" data-widget_type=\"divider.default\">\n\t\t\t\t<div class=\"elementor-widget-container\">\n\t\t\t\t\t<div class=\"elementor-divider\">\n\t\t\t<span class=\"elementor-divider-separator\">\n\t\t\t\t\t\t<\/span>\n\t\t<\/div>\n\t\t\t\t<\/div>\n\t\t\t\t<\/div>\n\t\t\t\t<div class=\"elementor-element elementor-element-b123f95 elementor-widget elementor-widget-heading\" data-id=\"b123f95\" data-element_type=\"widget\" data-widget_type=\"heading.default\">\n\t\t\t\t<div class=\"elementor-widget-container\">\n\t\t\t<h2 class=\"elementor-heading-title elementor-size-default\">Aktuelles:<\/h2>\t\t<\/div>\n\t\t\t\t<\/div>\n\t\t\t\t<section class=\"elementor-section elementor-inner-section elementor-element elementor-element-98cadeb elementor-section-boxed elementor-section-height-default elementor-section-height-default\" data-id=\"98cadeb\" data-element_type=\"section\">\n\t\t\t\t\t\t<div class=\"elementor-container elementor-column-gap-default\">\n\t\t\t\t\t\t\t<div class=\"elementor-row\">\n\t\t\t\t\t<div class=\"elementor-column elementor-col-100 elementor-inner-column elementor-element elementor-element-7aaae0d\" data-id=\"7aaae0d\" data-element_type=\"column\">\n\t\t\t<div class=\"elementor-column-wrap elementor-element-populated\">\n\t\t\t\t\t\t\t<div class=\"elementor-widget-wrap\">\n\t\t\t\t\t\t<div class=\"elementor-element elementor-element-ebf8e6c elementor-grid-1 elementor-posts--thumbnail-left elementor-grid-tablet-2 elementor-grid-mobile-1 elementor-widget elementor-widget-posts\" data-id=\"ebf8e6c\" data-element_type=\"widget\" data-settings=\"{&quot;classic_columns&quot;:&quot;1&quot;,&quot;classic_columns_tablet&quot;:&quot;2&quot;,&quot;classic_columns_mobile&quot;:&quot;1&quot;,&quot;classic_row_gap&quot;:{&quot;unit&quot;:&quot;px&quot;,&quot;size&quot;:35,&quot;sizes&quot;:[]}}\" data-widget_type=\"posts.classic\">\n\t\t\t\t<div class=\"elementor-widget-container\">\n\t\t\t\t\t<div class=\"elementor-posts-container elementor-posts elementor-posts--skin-classic elementor-grid\">\n\t\t\t\t<article class=\"elementor-post elementor-grid-item post-14262 post type-post status-publish format-standard has-post-thumbnail hentry category-allgemein\">\n\t\t\t\t<a class=\"elementor-post__thumbnail__link\" href=\"https:\/\/www.bbz-merzig.de\/wordpress-1\/probleme-bei-der-online-anmeldung\/\" >\n\t\t\t<div class=\"elementor-post__thumbnail\"><img width=\"1200\" height=\"967\" src=\"https:\/\/www.bbz-merzig.de\/wordpress-1\/wp-content\/uploads\/schrei.jpg\" class=\"attachment-1536x1536 size-1536x1536\" alt=\"\" decoding=\"async\" loading=\"lazy\" srcset=\"https:\/\/www.bbz-merzig.de\/wordpress-1\/wp-content\/uploads\/schrei.jpg 1200w, https:\/\/www.bbz-merzig.de\/wordpress-1\/wp-content\/uploads\/schrei-300x242.jpg 300w, https:\/\/www.bbz-merzig.de\/wordpress-1\/wp-content\/uploads\/schrei-1024x825.jpg 1024w, https:\/\/www.bbz-merzig.de\/wordpress-1\/wp-content\/uploads\/schrei-768x619.jpg 768w\" sizes=\"(max-width: 1200px) 100vw, 1200px\" \/><\/div>\n\t\t<\/a>\n\t\t\t\t<div class=\"elementor-post__text\">\n\t\t\t\t<h4 class=\"elementor-post__title\">\n\t\t\t<a href=\"https:\/\/www.bbz-merzig.de\/wordpress-1\/probleme-bei-der-online-anmeldung\/\" >\n\t\t\t\tProbleme bei der Online-Anmeldung?\t\t\t<\/a>\n\t\t<\/h4>\n\t\t\t\t<div class=\"elementor-post__meta-data\">\n\t\t\t\t\t<span class=\"elementor-post-date\">\n\t\t\t5. M\u00e4rz 2026\t\t<\/span>\n\t\t\t\t<\/div>\n\t\t\t\t<div class=\"elementor-post__excerpt\">\n\t\t\t<p>Sie haben eine E-Mail-Adresse von gmail und erhalten keine Best\u00e4tigung Ihrer Online-Anmeldung? Aktuell k\u00e4mpfen wir mit einem spezifischen Problem bei der Online-Anmeldung. Bei gmail-Adressen werden<\/p>\n\t\t<\/div>\n\t\t\t\t\t<a class=\"elementor-post__read-more\" href=\"https:\/\/www.bbz-merzig.de\/wordpress-1\/probleme-bei-der-online-anmeldung\/\" >\n\t\t\t\tMEHR LESEN \u00bb\t\t\t<\/a>\n\t\t\t\t<\/div>\n\t\t\t\t<\/article>\n\t\t\t\t<article class=\"elementor-post elementor-grid-item post-11582 post type-post status-publish format-standard has-post-thumbnail hentry category-allgemein\">\n\t\t\t\t<a class=\"elementor-post__thumbnail__link\" href=\"https:\/\/www.bbz-merzig.de\/wordpress-1\/tag-der-offenen-tuer-am-27-januar-2024\/\" >\n\t\t\t<div class=\"elementor-post__thumbnail\"><img width=\"847\" height=\"516\" src=\"https:\/\/www.bbz-merzig.de\/wordpress-1\/wp-content\/uploads\/Online-Anmeldung_logo.png\" class=\"attachment-1536x1536 size-1536x1536\" alt=\"\" decoding=\"async\" loading=\"lazy\" srcset=\"https:\/\/www.bbz-merzig.de\/wordpress-1\/wp-content\/uploads\/Online-Anmeldung_logo.png 847w, https:\/\/www.bbz-merzig.de\/wordpress-1\/wp-content\/uploads\/Online-Anmeldung_logo-300x183.png 300w, https:\/\/www.bbz-merzig.de\/wordpress-1\/wp-content\/uploads\/Online-Anmeldung_logo-768x468.png 768w\" sizes=\"(max-width: 847px) 100vw, 847px\" \/><\/div>\n\t\t<\/a>\n\t\t\t\t<div class=\"elementor-post__text\">\n\t\t\t\t<h4 class=\"elementor-post__title\">\n\t\t\t<a href=\"https:\/\/www.bbz-merzig.de\/wordpress-1\/tag-der-offenen-tuer-am-27-januar-2024\/\" >\n\t\t\t\tOnline-Anmeldung f\u00fcr alle Schulformen\t\t\t<\/a>\n\t\t<\/h4>\n\t\t\t\t<div class=\"elementor-post__meta-data\">\n\t\t\t\t\t<span class=\"elementor-post-date\">\n\t\t\t3. Juli 2024\t\t<\/span>\n\t\t\t\t<\/div>\n\t\t\t\t<div class=\"elementor-post__excerpt\">\n\t\t\t<p>Zur Online-Anmeldung<\/p>\n\t\t<\/div>\n\t\t\t\t\t<a class=\"elementor-post__read-more\" href=\"https:\/\/www.bbz-merzig.de\/wordpress-1\/tag-der-offenen-tuer-am-27-januar-2024\/\" >\n\t\t\t\tMEHR LESEN \u00bb\t\t\t<\/a>\n\t\t\t\t<\/div>\n\t\t\t\t<\/article>\n\t\t\t\t<\/div>\n\t\t\t\t<\/div>\n\t\t\t\t<\/div>\n\t\t\t\t<div class=\"elementor-element elementor-element-8bcae22 elementor-widget-divider--view-line elementor-widget elementor-widget-divider\" data-id=\"8bcae22\" data-element_type=\"widget\" data-widget_type=\"divider.default\">\n\t\t\t\t<div class=\"elementor-widget-container\">\n\t\t\t\t\t<div class=\"elementor-divider\">\n\t\t\t<span class=\"elementor-divider-separator\">\n\t\t\t\t\t\t<\/span>\n\t\t<\/div>\n\t\t\t\t<\/div>\n\t\t\t\t<\/div>\n\t\t\t\t<div class=\"elementor-element elementor-element-1873d37 elementor-grid-1 elementor-posts--thumbnail-left elementor-grid-tablet-2 elementor-grid-mobile-1 elementor-widget elementor-widget-posts\" data-id=\"1873d37\" data-element_type=\"widget\" data-settings=\"{&quot;classic_columns&quot;:&quot;1&quot;,&quot;classic_columns_tablet&quot;:&quot;2&quot;,&quot;classic_columns_mobile&quot;:&quot;1&quot;,&quot;classic_row_gap&quot;:{&quot;unit&quot;:&quot;px&quot;,&quot;size&quot;:35,&quot;sizes&quot;:[]}}\" data-widget_type=\"posts.classic\">\n\t\t\t\t<div class=\"elementor-widget-container\">\n\t\t\t\t\t<div class=\"elementor-posts-container elementor-posts elementor-posts--skin-classic elementor-grid\">\n\t\t\t\t<article class=\"elementor-post elementor-grid-item post-14431 post type-post status-publish format-standard has-post-thumbnail hentry category-allgemein\">\n\t\t\t\t<a class=\"elementor-post__thumbnail__link\" href=\"https:\/\/www.bbz-merzig.de\/wordpress-1\/elementor-14431\/\" >\n\t\t\t<div class=\"elementor-post__thumbnail\"><img width=\"640\" height=\"427\" src=\"https:\/\/www.bbz-merzig.de\/wordpress-1\/wp-content\/uploads\/a-book-5178205_640.jpg\" class=\"attachment-1536x1536 size-1536x1536\" alt=\"\" decoding=\"async\" loading=\"lazy\" srcset=\"https:\/\/www.bbz-merzig.de\/wordpress-1\/wp-content\/uploads\/a-book-5178205_640.jpg 640w, https:\/\/www.bbz-merzig.de\/wordpress-1\/wp-content\/uploads\/a-book-5178205_640-300x200.jpg 300w\" sizes=\"(max-width: 640px) 100vw, 640px\" \/><\/div>\n\t\t<\/a>\n\t\t\t\t<div class=\"elementor-post__text\">\n\t\t\t\t<h4 class=\"elementor-post__title\">\n\t\t\t<a href=\"https:\/\/www.bbz-merzig.de\/wordpress-1\/elementor-14431\/\" >\n\t\t\t\tSchulbuchausleihe: Bekanntgabe der R\u00fcckgabetermine\t\t\t<\/a>\n\t\t<\/h4>\n\t\t\t\t<div class=\"elementor-post__meta-data\">\n\t\t\t\t\t<span class=\"elementor-post-date\">\n\t\t\t27. April 2026\t\t<\/span>\n\t\t\t\t<\/div>\n\t\t\t\t<div class=\"elementor-post__excerpt\">\n\t\t\t<p>Liebe Sch\u00fclerinnen und Sch\u00fcler, liebe Eltern bzw. Erziehungsberechtigten, beachten Sie bitte die R\u00fcckgabetermine f\u00fcr die Schulb\u00fccher und Convertibles inkl. Zubeh\u00f6r, die \u00fcber die Schulbuch- und<\/p>\n\t\t<\/div>\n\t\t\t\t\t<a class=\"elementor-post__read-more\" href=\"https:\/\/www.bbz-merzig.de\/wordpress-1\/elementor-14431\/\" >\n\t\t\t\tMEHR LESEN \u00bb\t\t\t<\/a>\n\t\t\t\t<\/div>\n\t\t\t\t<\/article>\n\t\t\t\t<article class=\"elementor-post elementor-grid-item post-14311 post type-post status-publish format-standard has-post-thumbnail hentry category-allgemein\">\n\t\t\t\t<a class=\"elementor-post__thumbnail__link\" href=\"https:\/\/www.bbz-merzig.de\/wordpress-1\/stolzes-ergebnis-beim-adventscafe1-700-e-fuer-den-guten-zweck-gespendet\/\" >\n\t\t\t<div class=\"elementor-post__thumbnail\"><img width=\"1080\" height=\"864\" src=\"https:\/\/www.bbz-merzig.de\/wordpress-1\/wp-content\/uploads\/IMG-20260330-WA0000-e1774891394339.jpg\" class=\"attachment-1536x1536 size-1536x1536\" alt=\"\" decoding=\"async\" loading=\"lazy\" srcset=\"https:\/\/www.bbz-merzig.de\/wordpress-1\/wp-content\/uploads\/IMG-20260330-WA0000-e1774891394339.jpg 1080w, https:\/\/www.bbz-merzig.de\/wordpress-1\/wp-content\/uploads\/IMG-20260330-WA0000-e1774891394339-300x240.jpg 300w, https:\/\/www.bbz-merzig.de\/wordpress-1\/wp-content\/uploads\/IMG-20260330-WA0000-e1774891394339-1024x819.jpg 1024w, https:\/\/www.bbz-merzig.de\/wordpress-1\/wp-content\/uploads\/IMG-20260330-WA0000-e1774891394339-768x614.jpg 768w\" sizes=\"(max-width: 1080px) 100vw, 1080px\" \/><\/div>\n\t\t<\/a>\n\t\t\t\t<div class=\"elementor-post__text\">\n\t\t\t\t<h4 class=\"elementor-post__title\">\n\t\t\t<a href=\"https:\/\/www.bbz-merzig.de\/wordpress-1\/stolzes-ergebnis-beim-adventscafe1-700-e-fuer-den-guten-zweck-gespendet\/\" >\n\t\t\t\tStolzes Ergebnis beim Adventscaf\u00e9: 1.700 \u20ac f\u00fcr den guten Zweck gespendet\t\t\t<\/a>\n\t\t<\/h4>\n\t\t\t\t<div class=\"elementor-post__meta-data\">\n\t\t\t\t\t<span class=\"elementor-post-date\">\n\t\t\t30. M\u00e4rz 2026\t\t<\/span>\n\t\t\t\t<\/div>\n\t\t\t\t<div class=\"elementor-post__excerpt\">\n\t\t\t<p>Das diesj\u00e4hrige Adventscaf\u00e9 an unserer Schule war nicht nur ein Ort der Begegnung, sondern auch ein voller Erfolg f\u00fcr die Wohlt\u00e4tigkeit. Durch den engagierten Verkauf<\/p>\n\t\t<\/div>\n\t\t\t\t\t<a class=\"elementor-post__read-more\" href=\"https:\/\/www.bbz-merzig.de\/wordpress-1\/stolzes-ergebnis-beim-adventscafe1-700-e-fuer-den-guten-zweck-gespendet\/\" >\n\t\t\t\tMEHR LESEN \u00bb\t\t\t<\/a>\n\t\t\t\t<\/div>\n\t\t\t\t<\/article>\n\t\t\t\t<article class=\"elementor-post elementor-grid-item post-14298 post type-post status-publish format-standard has-post-thumbnail hentry category-allgemein\">\n\t\t\t\t<a class=\"elementor-post__thumbnail__link\" href=\"https:\/\/www.bbz-merzig.de\/wordpress-1\/merzig-wird-picobello\/\" >\n\t\t\t<div class=\"elementor-post__thumbnail\"><img width=\"399\" height=\"314\" src=\"https:\/\/www.bbz-merzig.de\/wordpress-1\/wp-content\/uploads\/Plakat2026.jpg\" class=\"attachment-1536x1536 size-1536x1536\" alt=\"\" decoding=\"async\" loading=\"lazy\" srcset=\"https:\/\/www.bbz-merzig.de\/wordpress-1\/wp-content\/uploads\/Plakat2026.jpg 399w, https:\/\/www.bbz-merzig.de\/wordpress-1\/wp-content\/uploads\/Plakat2026-300x236.jpg 300w\" sizes=\"(max-width: 399px) 100vw, 399px\" \/><\/div>\n\t\t<\/a>\n\t\t\t\t<div class=\"elementor-post__text\">\n\t\t\t\t<h4 class=\"elementor-post__title\">\n\t\t\t<a href=\"https:\/\/www.bbz-merzig.de\/wordpress-1\/merzig-wird-picobello\/\" >\n\t\t\t\tMerzig wird picobello!\t\t\t<\/a>\n\t\t<\/h4>\n\t\t\t\t<div class=\"elementor-post__meta-data\">\n\t\t\t\t\t<span class=\"elementor-post-date\">\n\t\t\t23. M\u00e4rz 2026\t\t<\/span>\n\t\t\t\t<\/div>\n\t\t\t\t<div class=\"elementor-post__excerpt\">\n\t\t\t<p>Am Freitag, dem 20.03.2026, haben die Klassen BFS-KI 10.1, FSP 10.2, BFS-W 10.2 und BFS-T 10.3 gemeinsam am landesweiten \u201eFr\u00fchjahrsputz f\u00fcr die Umwelt\u201c im Rahmen<\/p>\n\t\t<\/div>\n\t\t\t\t\t<a class=\"elementor-post__read-more\" href=\"https:\/\/www.bbz-merzig.de\/wordpress-1\/merzig-wird-picobello\/\" >\n\t\t\t\tMEHR LESEN \u00bb\t\t\t<\/a>\n\t\t\t\t<\/div>\n\t\t\t\t<\/article>\n\t\t\t\t<article class=\"elementor-post elementor-grid-item post-14262 post type-post status-publish format-standard has-post-thumbnail hentry category-allgemein\">\n\t\t\t\t<a class=\"elementor-post__thumbnail__link\" href=\"https:\/\/www.bbz-merzig.de\/wordpress-1\/probleme-bei-der-online-anmeldung\/\" >\n\t\t\t<div class=\"elementor-post__thumbnail\"><img width=\"1200\" height=\"967\" src=\"https:\/\/www.bbz-merzig.de\/wordpress-1\/wp-content\/uploads\/schrei.jpg\" class=\"attachment-1536x1536 size-1536x1536\" alt=\"\" decoding=\"async\" loading=\"lazy\" srcset=\"https:\/\/www.bbz-merzig.de\/wordpress-1\/wp-content\/uploads\/schrei.jpg 1200w, https:\/\/www.bbz-merzig.de\/wordpress-1\/wp-content\/uploads\/schrei-300x242.jpg 300w, https:\/\/www.bbz-merzig.de\/wordpress-1\/wp-content\/uploads\/schrei-1024x825.jpg 1024w, https:\/\/www.bbz-merzig.de\/wordpress-1\/wp-content\/uploads\/schrei-768x619.jpg 768w\" sizes=\"(max-width: 1200px) 100vw, 1200px\" \/><\/div>\n\t\t<\/a>\n\t\t\t\t<div class=\"elementor-post__text\">\n\t\t\t\t<h4 class=\"elementor-post__title\">\n\t\t\t<a href=\"https:\/\/www.bbz-merzig.de\/wordpress-1\/probleme-bei-der-online-anmeldung\/\" >\n\t\t\t\tProbleme bei der Online-Anmeldung?\t\t\t<\/a>\n\t\t<\/h4>\n\t\t\t\t<div class=\"elementor-post__meta-data\">\n\t\t\t\t\t<span class=\"elementor-post-date\">\n\t\t\t5. M\u00e4rz 2026\t\t<\/span>\n\t\t\t\t<\/div>\n\t\t\t\t<div class=\"elementor-post__excerpt\">\n\t\t\t<p>Sie haben eine E-Mail-Adresse von gmail und erhalten keine Best\u00e4tigung Ihrer Online-Anmeldung? Aktuell k\u00e4mpfen wir mit einem spezifischen Problem bei der Online-Anmeldung. Bei gmail-Adressen werden<\/p>\n\t\t<\/div>\n\t\t\t\t\t<a class=\"elementor-post__read-more\" href=\"https:\/\/www.bbz-merzig.de\/wordpress-1\/probleme-bei-der-online-anmeldung\/\" >\n\t\t\t\tMEHR LESEN \u00bb\t\t\t<\/a>\n\t\t\t\t<\/div>\n\t\t\t\t<\/article>\n\t\t\t\t<article class=\"elementor-post elementor-grid-item post-14207 post type-post status-publish format-standard has-post-thumbnail hentry category-allgemein\">\n\t\t\t\t<a class=\"elementor-post__thumbnail__link\" href=\"https:\/\/www.bbz-merzig.de\/wordpress-1\/gemeinsam-leben-retten-an-der-der-jean-francois-boch-schule\/\" >\n\t\t\t<div class=\"elementor-post__thumbnail\"><img width=\"1536\" height=\"1152\" src=\"https:\/\/www.bbz-merzig.de\/wordpress-1\/wp-content\/uploads\/Blutspende_WS_2-1536x1152.jpg\" class=\"attachment-1536x1536 size-1536x1536\" alt=\"\" decoding=\"async\" loading=\"lazy\" srcset=\"https:\/\/www.bbz-merzig.de\/wordpress-1\/wp-content\/uploads\/Blutspende_WS_2-1536x1152.jpg 1536w, https:\/\/www.bbz-merzig.de\/wordpress-1\/wp-content\/uploads\/Blutspende_WS_2-300x225.jpg 300w, https:\/\/www.bbz-merzig.de\/wordpress-1\/wp-content\/uploads\/Blutspende_WS_2-1024x768.jpg 1024w, https:\/\/www.bbz-merzig.de\/wordpress-1\/wp-content\/uploads\/Blutspende_WS_2-768x576.jpg 768w, https:\/\/www.bbz-merzig.de\/wordpress-1\/wp-content\/uploads\/Blutspende_WS_2-2048x1536.jpg 2048w\" sizes=\"(max-width: 1536px) 100vw, 1536px\" \/><\/div>\n\t\t<\/a>\n\t\t\t\t<div class=\"elementor-post__text\">\n\t\t\t\t<h4 class=\"elementor-post__title\">\n\t\t\t<a href=\"https:\/\/www.bbz-merzig.de\/wordpress-1\/gemeinsam-leben-retten-an-der-der-jean-francois-boch-schule\/\" >\n\t\t\t\tGemeinsam Leben retten an der Jean-Fran\u00e7ois-Boch-Schule\t\t\t<\/a>\n\t\t<\/h4>\n\t\t\t\t<div class=\"elementor-post__meta-data\">\n\t\t\t\t\t<span class=\"elementor-post-date\">\n\t\t\t23. Februar 2026\t\t<\/span>\n\t\t\t\t<\/div>\n\t\t\t\t<div class=\"elementor-post__excerpt\">\n\t\t\t<p>Am 03.02. und 05.02.2026 fand an der Jean-Fran\u00e7ois-Boch-Schule die 15. Blutspende-Aktion mit dem DRK-Blutspendedienst West und die 6. Stammzell-Typisierung mit der Stefan-Morsch-Stiftung statt. An beiden<\/p>\n\t\t<\/div>\n\t\t\t\t\t<a class=\"elementor-post__read-more\" href=\"https:\/\/www.bbz-merzig.de\/wordpress-1\/gemeinsam-leben-retten-an-der-der-jean-francois-boch-schule\/\" >\n\t\t\t\tMEHR LESEN \u00bb\t\t\t<\/a>\n\t\t\t\t<\/div>\n\t\t\t\t<\/article>\n\t\t\t\t<article class=\"elementor-post elementor-grid-item post-14180 post type-post status-publish format-standard has-post-thumbnail hentry category-allgemein\">\n\t\t\t\t<a class=\"elementor-post__thumbnail__link\" href=\"https:\/\/www.bbz-merzig.de\/wordpress-1\/vortraege-zur-suchtpraevention\/\" >\n\t\t\t<div class=\"elementor-post__thumbnail\"><img width=\"1536\" height=\"1152\" src=\"https:\/\/www.bbz-merzig.de\/wordpress-1\/wp-content\/uploads\/IMG_6628-1536x1152.jpeg\" class=\"attachment-1536x1536 size-1536x1536\" alt=\"\" decoding=\"async\" loading=\"lazy\" srcset=\"https:\/\/www.bbz-merzig.de\/wordpress-1\/wp-content\/uploads\/IMG_6628-1536x1152.jpeg 1536w, https:\/\/www.bbz-merzig.de\/wordpress-1\/wp-content\/uploads\/IMG_6628-300x225.jpeg 300w, https:\/\/www.bbz-merzig.de\/wordpress-1\/wp-content\/uploads\/IMG_6628-1024x768.jpeg 1024w, https:\/\/www.bbz-merzig.de\/wordpress-1\/wp-content\/uploads\/IMG_6628-768x576.jpeg 768w, https:\/\/www.bbz-merzig.de\/wordpress-1\/wp-content\/uploads\/IMG_6628-2048x1536.jpeg 2048w\" sizes=\"(max-width: 1536px) 100vw, 1536px\" \/><\/div>\n\t\t<\/a>\n\t\t\t\t<div class=\"elementor-post__text\">\n\t\t\t\t<h4 class=\"elementor-post__title\">\n\t\t\t<a href=\"https:\/\/www.bbz-merzig.de\/wordpress-1\/vortraege-zur-suchtpraevention\/\" >\n\t\t\t\tVortr\u00e4ge zur Suchtpr\u00e4vention\t\t\t<\/a>\n\t\t<\/h4>\n\t\t\t\t<div class=\"elementor-post__meta-data\">\n\t\t\t\t\t<span class=\"elementor-post-date\">\n\t\t\t5. Februar 2026\t\t<\/span>\n\t\t\t\t<\/div>\n\t\t\t\t<div class=\"elementor-post__excerpt\">\n\t\t\t<p>Vom 13. bis 19.01.2026 organisierten Frau Gorges und Frau Colbus ein schulform\u00fcbergreifendes Pr\u00e4ventionsprojekt in der von-Boch-Stra\u00dfe. Insgesamt fanden zehn Vortr\u00e4ge f\u00fcr Sch\u00fclerinnen und Sch\u00fcler der<\/p>\n\t\t<\/div>\n\t\t\t\t\t<a class=\"elementor-post__read-more\" href=\"https:\/\/www.bbz-merzig.de\/wordpress-1\/vortraege-zur-suchtpraevention\/\" >\n\t\t\t\tMEHR LESEN \u00bb\t\t\t<\/a>\n\t\t\t\t<\/div>\n\t\t\t\t<\/article>\n\t\t\t\t<\/div>\n\t\t\t\t<nav class=\"elementor-pagination\" role=\"navigation\" aria-label=\"Paginierung\">\n\t\t\t<span aria-current=\"page\" class=\"page-numbers current\"><span class=\"elementor-screen-only\">Seite<\/span>1<\/span>\n<a class=\"page-numbers\" href=\"https:\/\/www.bbz-merzig.de\/wordpress-1\/wp-json\/wp\/v2\/pages\/5094\/page\/2\/\"><span class=\"elementor-screen-only\">Seite<\/span>2<\/a>\n<a class=\"page-numbers\" href=\"https:\/\/www.bbz-merzig.de\/wordpress-1\/wp-json\/wp\/v2\/pages\/5094\/page\/3\/\"><span class=\"elementor-screen-only\">Seite<\/span>3<\/a>\n<span class=\"page-numbers dots\">&hellip;<\/span>\n<a class=\"page-numbers\" href=\"https:\/\/www.bbz-merzig.de\/wordpress-1\/wp-json\/wp\/v2\/pages\/5094\/page\/10\/\"><span class=\"elementor-screen-only\">Seite<\/span>10<\/a>\t\t<\/nav>\n\t\t\t\t<\/div>\n\t\t\t\t<\/div>\n\t\t\t\t\t\t<\/div>\n\t\t\t\t\t<\/div>\n\t\t<\/div>\n\t\t\t\t\t\t\t\t<\/div>\n\t\t\t\t\t<\/div>\n\t\t<\/section>\n\t\t\t\t\t\t<\/div>\n\t\t\t\t\t<\/div>\n\t\t<\/div>\n\t\t\t\t\t\t\t\t<\/div>\n\t\t\t\t\t<\/div>\n\t\t<\/section>\n\t\t\t\t\t\t\t\t\t<\/div>\n\t\t\t<\/div>\n\t\t\t\t\t<\/div>\n\t\t","protected":false},"excerpt":{"rendered":"<p>Mitteilungen: Aktuelles:<\/p>\n","protected":false},"author":7,"featured_media":0,"parent":0,"menu_order":5,"comment_status":"closed","ping_status":"closed","template":"","meta":{"neve_meta_sidebar":"left","neve_meta_container":"default","neve_meta_enable_content_width":"on","neve_meta_content_width":70,"neve_meta_title_alignment":"","neve_meta_author_avatar":"","neve_post_elements_order":"","neve_meta_disable_header":"","neve_meta_disable_footer":"","neve_meta_disable_title":"on"},"_links":{"self":[{"href":"https:\/\/www.bbz-merzig.de\/wordpress-1\/wp-json\/wp\/v2\/pages\/5094"}],"collection":[{"href":"https:\/\/www.bbz-merzig.de\/wordpress-1\/wp-json\/wp\/v2\/pages"}],"about":[{"href":"https:\/\/www.bbz-merzig.de\/wordpress-1\/wp-json\/wp\/v2\/types\/page"}],"author":[{"embeddable":true,"href":"https:\/\/www.bbz-merzig.de\/wordpress-1\/wp-json\/wp\/v2\/users\/7"}],"replies":[{"embeddable":true,"href":"https:\/\/www.bbz-merzig.de\/wordpress-1\/wp-json\/wp\/v2\/comments?post=5094"}],"version-history":[{"count":204,"href":"https:\/\/www.bbz-merzig.de\/wordpress-1\/wp-json\/wp\/v2\/pages\/5094\/revisions"}],"predecessor-version":[{"id":14282,"href":"https:\/\/www.bbz-merzig.de\/wordpress-1\/wp-json\/wp\/v2\/pages\/5094\/revisions\/14282"}],"wp:attachment":[{"href":"https:\/\/www.bbz-merzig.de\/wordpress-1\/wp-json\/wp\/v2\/media?parent=5094"}],"curies":[{"name":"wp","href":"https:\/\/api.w.org\/{rel}","templated":true}]}}