{"id":7538,"date":"2021-07-02T10:02:18","date_gmt":"2021-07-02T08:02:01","guid":{"rendered":"https:\/\/www.bbz-merzig.de\/wordpress-1\/?page_id=7538"},"modified":"2023-07-27T17:46:08","modified_gmt":"2023-07-27T15:46:08","slug":"anmeldung-freiwilligen-foerderunterricht-2","status":"publish","type":"page","link":"https:\/\/www.bbz-merzig.de\/wordpress-1\/schuelerbereich\/anmeldung-freiwilligen-foerderunterricht-2\/","title":{"rendered":"Antrag auf Gew\u00e4hrung eines Fahrkostenzuschusses (Sch\u00fclerf\u00f6rderungsgesetz)"},"content":{"rendered":"<p><a href=\"https:\/\/www.saarland.de\/SharedDocs\/Downloads\/DE\/mbk\/Bildungsserver\/Schulbuchausleihe\/dld_sf-antrag-fahrkostenzuschuss.html\" role=\"button\"><br \/>\nZum Formular<br \/>\n<\/a><\/p>\n","protected":false},"excerpt":{"rendered":"<p>Zum Formular<\/p>\n","protected":false},"author":6,"featured_media":0,"parent":5848,"menu_order":0,"comment_status":"closed","ping_status":"closed","template":"","meta":{"neve_meta_sidebar":"full-width","neve_meta_container":"","neve_meta_enable_content_width":"on","neve_meta_content_width":100,"neve_meta_title_alignment":"","neve_meta_author_avatar":"","neve_post_elements_order":"","neve_meta_disable_header":"","neve_meta_disable_footer":"","neve_meta_disable_title":""},"_links":{"self":[{"href":"https:\/\/www.bbz-merzig.de\/wordpress-1\/wp-json\/wp\/v2\/pages\/7538"}],"collection":[{"href":"https:\/\/www.bbz-merzig.de\/wordpress-1\/wp-json\/wp\/v2\/pages"}],"about":[{"href":"https:\/\/www.bbz-merzig.de\/wordpress-1\/wp-json\/wp\/v2\/types\/page"}],"author":[{"embeddable":true,"href":"https:\/\/www.bbz-merzig.de\/wordpress-1\/wp-json\/wp\/v2\/users\/6"}],"replies":[{"embeddable":true,"href":"https:\/\/www.bbz-merzig.de\/wordpress-1\/wp-json\/wp\/v2\/comments?post=7538"}],"version-history":[{"count":38,"href":"https:\/\/www.bbz-merzig.de\/wordpress-1\/wp-json\/wp\/v2\/pages\/7538\/revisions"}],"predecessor-version":[{"id":11011,"href":"https:\/\/www.bbz-merzig.de\/wordpress-1\/wp-json\/wp\/v2\/pages\/7538\/revisions\/11011"}],"up":[{"embeddable":true,"href":"https:\/\/www.bbz-merzig.de\/wordpress-1\/wp-json\/wp\/v2\/pages\/5848"}],"wp:attachment":[{"href":"https:\/\/www.bbz-merzig.de\/wordpress-1\/wp-json\/wp\/v2\/media?parent=7538"}],"curies":[{"name":"wp","href":"https:\/\/api.w.org\/{rel}","templated":true}]}}