{"id":9048,"date":"2022-07-15T10:09:18","date_gmt":"2022-07-15T08:09:27","guid":{"rendered":"https:\/\/www.bbz-merzig.de\/wordpress-1\/?page_id=9048"},"modified":"2023-06-16T11:34:55","modified_gmt":"2023-06-16T09:34:55","slug":"rueckmeldung-wiederholer","status":"publish","type":"page","link":"https:\/\/www.bbz-merzig.de\/wordpress-1\/schuelerbereich\/rueckmeldung-wiederholer\/","title":{"rendered":"R\u00fcckmeldung Wiederholer"},"content":{"rendered":"\n<p><\/p>\n\n\n\n<p><br><\/p>\n\n\n<div class='fluentform fluentform_wrapper_8'><form data-form_id=\"8\" id=\"fluentform_8\" class=\"frm-fluent-form fluent_form_8 ff-el-form-top ff_form_instance_8_1 ff-form-loading\" data-form_instance=\"ff_form_instance_8_1\" method=\"POST\" ><fieldset style=\"border: none!important;margin: 0!important;padding: 0!important;background-color: transparent!important;\n                                 box-shadow: none!important;outline: none!important;\">\n                    <legend class=\"ff_screen_reader_title\" style=\"margin: 0!important;padding: 0!important;height: 0!important;text-indent: -999999px;width: 0!important;\">R\u00fcckmeldung Wiederholer<\/legend><input type='hidden' name='__fluent_form_embded_post_id' value='9048' \/><input type=\"hidden\" id=\"_fluentform_8_fluentformnonce\" name=\"_fluentform_8_fluentformnonce\" value=\"9d4f54f100\" \/><input type=\"hidden\" name=\"_wp_http_referer\" value=\"\/wordpress-1\/wp-json\/wp\/v2\/pages\/9048\" \/><div data-name=\"ff_cn_id_1\"  class='ff-t-container ff-column-container ff_columns_total_1  '><div class='ff-t-cell ff-t-column-1' style='flex-basis: 100%;'><div data-type=\"name-element\" data-name=\"names\" class=\" ff-field_container ff-name-field-wrapper\" ><div class='ff-t-container'><div class='ff-t-cell '><div class='ff-el-group  ff-el-form-top'><div class=\"ff-el-input--label ff-el-is-required asterisk-right\"><label for='ff_8_names_first_name_' aria-label=\"Vorname\">Vorname<\/label> <\/div><div class='ff-el-input--content'><input type=\"text\" name=\"names[first_name]\" id=\"ff_8_names_first_name_\" class=\"ff-el-form-control\" placeholder=\"Max\" aria-invalid=\"false\" aria-required=false><\/div><\/div><\/div><div class='ff-t-cell '><div class='ff-el-group  ff-el-form-top'><div class=\"ff-el-input--label ff-el-is-required asterisk-right\"><label for='ff_8_names_last_name_' aria-label=\"Nachname\">Nachname<\/label> <\/div><div class='ff-el-input--content'><input type=\"text\" name=\"names[last_name]\" id=\"ff_8_names_last_name_\" class=\"ff-el-form-control\" placeholder=\"Muster\" aria-invalid=\"false\" aria-required=false><\/div><\/div><\/div><\/div><\/div><div class='ff-el-group'><div class=\"ff-el-input--label ff-el-is-required asterisk-right\"><label for='ff_8_input_text' aria-label=\"Geburtsdatum\">Geburtsdatum<\/label> <\/div><div class='ff-el-input--content'><input type=\"text\" name=\"input_text\" class=\"ff-el-form-control\" placeholder=\"12.11.2005\" data-name=\"input_text\" id=\"ff_8_input_text\"  aria-invalid=\"false\" aria-required=true><\/div><\/div><\/div><\/div><div class='ff-el-group'><div class=\"ff-el-input--label ff-el-is-required asterisk-right\"><label  aria-label=\"Zuletzt besuchte Schulform\">Zuletzt besuchte Schulform<\/label> <\/div><div class='ff-el-input--content'><div class='ff-el-form-check ff-el-form-check-'><label class='ff-el-form-check-label' for=input_radio_fbc93012098c7da3929c75d5a2d95f12><input type=\"radio\" name=\"input_radio\" data-name=\"input_radio\" class=\"ff-el-form-check-input ff-el-form-check-radio\" value=\"Berufsfachschule Gesundheit und Soziales\"  id='input_radio_fbc93012098c7da3929c75d5a2d95f12' aria-label='Berufsfachschule Gesundheit und Soziales' aria-invalid='false' aria-required=true> <span>Berufsfachschule Gesundheit und Soziales<\/span><\/label><\/div><div class='ff-el-form-check ff-el-form-check-'><label class='ff-el-form-check-label' for=input_radio_b2ad519cb17e90a868f614d2c7adefc1><input type=\"radio\" name=\"input_radio\" data-name=\"input_radio\" class=\"ff-el-form-check-input ff-el-form-check-radio\" value=\"Berufsfachschule Technik\"  id='input_radio_b2ad519cb17e90a868f614d2c7adefc1' aria-label='Berufsfachschule Technik' aria-invalid='false' aria-required=true> <span>Berufsfachschule Technik<\/span><\/label><\/div><div class='ff-el-form-check ff-el-form-check-'><label class='ff-el-form-check-label' for=input_radio_6aa04a27436ababf7df96436f999aacf><input type=\"radio\" name=\"input_radio\" data-name=\"input_radio\" class=\"ff-el-form-check-input ff-el-form-check-radio\" value=\"Berufsfachschule Wirtschaft\"  id='input_radio_6aa04a27436ababf7df96436f999aacf' aria-label='Berufsfachschule Wirtschaft' aria-invalid='false' aria-required=true> <span>Berufsfachschule Wirtschaft<\/span><\/label><\/div><div class='ff-el-form-check ff-el-form-check-'><label class='ff-el-form-check-label' for=input_radio_55bd8e064179e915b94b3c62e5d349ef><input type=\"radio\" name=\"input_radio\" data-name=\"input_radio\" class=\"ff-el-form-check-input ff-el-form-check-radio\" value=\"Berufsfachschule Gastronomie und Nahrung\"  id='input_radio_55bd8e064179e915b94b3c62e5d349ef' aria-label='Berufsfachschule Gastronomie und Nahrung' aria-invalid='false' aria-required=true> <span>Berufsfachschule Gastronomie und Nahrung<\/span><\/label><\/div><div class='ff-el-form-check ff-el-form-check-'><label class='ff-el-form-check-label' for=input_radio_3f657b43b236df8ae0ef352bf5961838><input type=\"radio\" name=\"input_radio\" data-name=\"input_radio\" class=\"ff-el-form-check-input ff-el-form-check-radio\" value=\"Berufsfachschule f\u00fcr Kinderpflege\"  id='input_radio_3f657b43b236df8ae0ef352bf5961838' aria-label='Berufsfachschule f\u00fcr Kinderpflege' aria-invalid='false' aria-required=true> <span>Berufsfachschule f\u00fcr Kinderpflege<\/span><\/label><\/div><div class='ff-el-form-check ff-el-form-check-'><label class='ff-el-form-check-label' for=input_radio_31bbb05b06f054227535f3a7e1ef87e9><input type=\"radio\" name=\"input_radio\" data-name=\"input_radio\" class=\"ff-el-form-check-input ff-el-form-check-radio\" value=\"Berufsfachschule f\u00fcr Haushaltsf\u00fchrung und ambulante Betreuung\"  id='input_radio_31bbb05b06f054227535f3a7e1ef87e9' aria-label='Berufsfachschule f\u00fcr Haushaltsf\u00fchrung und ambulante Betreuung' aria-invalid='false' aria-required=true> <span>Berufsfachschule f\u00fcr Haushaltsf\u00fchrung und ambulante Betreuung<\/span><\/label><\/div><div class='ff-el-form-check ff-el-form-check-'><label class='ff-el-form-check-label' for=input_radio_742fd0d24026fbe3f0bdf4c3b9129c94><input type=\"radio\" name=\"input_radio\" data-name=\"input_radio\" class=\"ff-el-form-check-input ff-el-form-check-radio\" value=\"Ausbildungsvorbereitung\"  id='input_radio_742fd0d24026fbe3f0bdf4c3b9129c94' aria-label='Ausbildungsvorbereitung' aria-invalid='false' aria-required=true> <span>Ausbildungsvorbereitung<\/span><\/label><\/div><div class='ff-el-form-check ff-el-form-check-'><label class='ff-el-form-check-label' for=input_radio_c7e56bad1a5b3daaa6aaf52d467b5146><input type=\"radio\" name=\"input_radio\" data-name=\"input_radio\" class=\"ff-el-form-check-input ff-el-form-check-radio\" value=\"Fachoberschule Wirtschaft\"  id='input_radio_c7e56bad1a5b3daaa6aaf52d467b5146' aria-label='Fachoberschule Wirtschaft' aria-invalid='false' aria-required=true> <span>Fachoberschule Wirtschaft<\/span><\/label><\/div><div class='ff-el-form-check ff-el-form-check-'><label class='ff-el-form-check-label' for=input_radio_23b0609aa2f85bf8407c955e9d90a77a><input type=\"radio\" name=\"input_radio\" data-name=\"input_radio\" class=\"ff-el-form-check-input ff-el-form-check-radio\" value=\"Fachoberschule Technik\"  id='input_radio_23b0609aa2f85bf8407c955e9d90a77a' aria-label='Fachoberschule Technik' aria-invalid='false' aria-required=true> <span>Fachoberschule Technik<\/span><\/label><\/div><div class='ff-el-form-check ff-el-form-check-'><label class='ff-el-form-check-label' for=input_radio_4036d422554be3378ef87af74a90252b><input type=\"radio\" name=\"input_radio\" data-name=\"input_radio\" class=\"ff-el-form-check-input ff-el-form-check-radio\" value=\"Fachoberschule Gesundheit und Soziales\"  id='input_radio_4036d422554be3378ef87af74a90252b' aria-label='Fachoberschule Gesundheit und Soziales' aria-invalid='false' aria-required=true> <span>Fachoberschule Gesundheit und Soziales<\/span><\/label><\/div><\/div><\/div><div class='ff-el-group'><div class=\"ff-el-input--label ff-el-is-required asterisk-right\"><label  aria-label=\"Ich\/ Mein Kind  m\u00f6chte im n\u00e4chsten Schuljahr die Klasse wiederholen.\">Ich\/ Mein Kind  m\u00f6chte im n\u00e4chsten Schuljahr die Klasse wiederholen.<\/label> <\/div><div class='ff-el-input--content'><div class='ff-el-form-check ff-el-form-check-'><label class='ff-el-form-check-label' for=input_radio_1_ff802e1678ec2b67497c1056ca07ba83><input type=\"radio\" name=\"input_radio_1\" data-name=\"input_radio_1\" class=\"ff-el-form-check-input ff-el-form-check-radio\" value=\"Ja\"  id='input_radio_1_ff802e1678ec2b67497c1056ca07ba83' aria-label='Ja' aria-invalid='false' aria-required=true> <span>Ja<\/span><\/label><\/div><div class='ff-el-form-check ff-el-form-check-'><label class='ff-el-form-check-label' for=input_radio_1_707e1dd3c287e195f7f0048284fba2d6><input type=\"radio\" name=\"input_radio_1\" data-name=\"input_radio_1\" class=\"ff-el-form-check-input ff-el-form-check-radio\" value=\"Nein\"  id='input_radio_1_707e1dd3c287e195f7f0048284fba2d6' aria-label='Nein' aria-invalid='false' aria-required=true> <span>Nein<\/span><\/label><\/div><\/div><\/div><div class='ff-el-group'><div class=\"ff-el-input--label ff-el-is-required asterisk-right\"><label for='ff_8_email' aria-label=\"Geben Sie f\u00fcr R\u00fcckfragen Ihre E-Mailadresse an.\">Geben Sie f\u00fcr R\u00fcckfragen Ihre E-Mailadresse an.<\/label> <\/div><div class='ff-el-input--content'><input type=\"email\" name=\"email\" id=\"ff_8_email\" class=\"ff-el-form-control\" placeholder=\"Email Address\" data-name=\"email\"  aria-invalid=\"false\" aria-required=true><\/div><\/div><div class='ff-el-group'><div class=\"ff-el-input--label asterisk-right\"><label for='ff_8_input_text_1' aria-label=\"Falls Sie weitere Fragen oder Anmerkungen haben, bitte nutzen Sie dieses Feld.\">Falls Sie weitere Fragen oder Anmerkungen haben, bitte nutzen Sie dieses Feld.<\/label> <\/div><div class='ff-el-input--content'><input type=\"text\" name=\"input_text_1\" class=\"ff-el-form-control\" data-name=\"input_text_1\" id=\"ff_8_input_text_1\"  aria-invalid=\"false\" aria-required=false><\/div><\/div><div class='ff-el-group ff-text-left ff_submit_btn_wrapper'><button type=\"submit\" class=\"ff-btn ff-btn-submit ff-btn-md ff_btn_style\" >Jetzt r\u00fcckmelden<\/button><\/div><\/fieldset><\/form><div id='fluentform_8_errors' class='ff-errors-in-stack ff_form_instance_8_1 ff-form-loading_errors ff_form_instance_8_1_errors'><\/div><\/div>        <script type=\"text\/javascript\">\n            window.fluent_form_ff_form_instance_8_1 = {\"id\":\"8\",\"settings\":{\"layout\":{\"labelPlacement\":\"top\",\"helpMessagePlacement\":\"with_label\",\"errorMessagePlacement\":\"inline\",\"asteriskPlacement\":\"asterisk-right\"},\"restrictions\":{\"denyEmptySubmission\":{\"enabled\":false}}},\"form_instance\":\"ff_form_instance_8_1\",\"form_id_selector\":\"fluentform_8\",\"rules\":{\"names[first_name]\":{\"required\":{\"value\":true,\"message\":\"Dieses Feld ist erforderlich\"}},\"names[middle_name]\":{\"required\":{\"value\":false,\"message\":\"Dieses Feld ist erforderlich\"}},\"names[last_name]\":{\"required\":{\"value\":true,\"message\":\"Dieses Feld ist erforderlich\"}},\"input_text\":{\"required\":{\"value\":true,\"message\":\"Dieses Feld ist erforderlich\"}},\"input_radio\":{\"required\":{\"value\":true,\"message\":\"Dieses Feld ist erforderlich\"}},\"input_radio_1\":{\"required\":{\"value\":true,\"message\":\"Dieses Feld ist erforderlich\"}},\"email\":{\"required\":{\"value\":true,\"message\":\"Dieses Feld ist erforderlich\"},\"email\":{\"value\":true,\"message\":\"Dieses Feld muss eine g\\u00fcltige E-Mail-Adresse enthalten\"}},\"input_text_1\":{\"required\":{\"value\":false,\"message\":\"Dieses Feld ist erforderlich\"}}}};\n                    <\/script>\n        \n","protected":false},"excerpt":{"rendered":"","protected":false},"author":7,"featured_media":0,"parent":5848,"menu_order":8,"comment_status":"closed","ping_status":"closed","template":"page-templates\/template-pagebuilder-full-width.php","meta":{"neve_meta_sidebar":"","neve_meta_container":"","neve_meta_enable_content_width":"","neve_meta_content_width":0,"neve_meta_title_alignment":"","neve_meta_author_avatar":"","neve_post_elements_order":"","neve_meta_disable_header":"","neve_meta_disable_footer":"","neve_meta_disable_title":""},"_links":{"self":[{"href":"https:\/\/www.bbz-merzig.de\/wordpress-1\/wp-json\/wp\/v2\/pages\/9048"}],"collection":[{"href":"https:\/\/www.bbz-merzig.de\/wordpress-1\/wp-json\/wp\/v2\/pages"}],"about":[{"href":"https:\/\/www.bbz-merzig.de\/wordpress-1\/wp-json\/wp\/v2\/types\/page"}],"author":[{"embeddable":true,"href":"https:\/\/www.bbz-merzig.de\/wordpress-1\/wp-json\/wp\/v2\/users\/7"}],"replies":[{"embeddable":true,"href":"https:\/\/www.bbz-merzig.de\/wordpress-1\/wp-json\/wp\/v2\/comments?post=9048"}],"version-history":[{"count":6,"href":"https:\/\/www.bbz-merzig.de\/wordpress-1\/wp-json\/wp\/v2\/pages\/9048\/revisions"}],"predecessor-version":[{"id":10871,"href":"https:\/\/www.bbz-merzig.de\/wordpress-1\/wp-json\/wp\/v2\/pages\/9048\/revisions\/10871"}],"up":[{"embeddable":true,"href":"https:\/\/www.bbz-merzig.de\/wordpress-1\/wp-json\/wp\/v2\/pages\/5848"}],"wp:attachment":[{"href":"https:\/\/www.bbz-merzig.de\/wordpress-1\/wp-json\/wp\/v2\/media?parent=9048"}],"curies":[{"name":"wp","href":"https:\/\/api.w.org\/{rel}","templated":true}]}}